{"id":3520,"date":"2024-05-29T14:44:23","date_gmt":"2024-05-29T11:44:23","guid":{"rendered":"https:\/\/edhmed.com\/gallium-68-ge-68-ga-68-generator\/"},"modified":"2024-07-12T23:24:51","modified_gmt":"2024-07-12T20:24:51","slug":"gallium-68-ge-68-ga-68-generator","status":"publish","type":"page","link":"https:\/\/www.edhmed.com\/en\/gallium-68-ge-68-ga-68-generator\/","title":{"rendered":"Gallium-68 (Ge-68\/Ga-68) Generator"},"content":{"rendered":"\t\t<div data-elementor-type=\"wp-page\" data-elementor-id=\"3520\" class=\"elementor elementor-3520 elementor-2454\" data-elementor-post-type=\"page\">\n\t\t\t\t<div class=\"elementor-element elementor-element-4910029 e-flex e-con-boxed e-con e-parent\" data-id=\"4910029\" data-element_type=\"container\" data-e-type=\"container\" data-settings=\"{&quot;background_background&quot;:&quot;classic&quot;}\">\n\t\t\t\t\t<div class=\"e-con-inner\">\n\t\t\t\t\t<\/div>\n\t\t\t\t<\/div>\n\t\t<div class=\"elementor-element elementor-element-2a1a0b8b e-flex e-con-boxed e-con e-parent\" data-id=\"2a1a0b8b\" data-element_type=\"container\" data-e-type=\"container\" data-settings=\"{&quot;background_background&quot;:&quot;classic&quot;}\">\n\t\t\t\t\t<div class=\"e-con-inner\">\n\t\t<div class=\"elementor-element elementor-element-66175f8a e-con-full e-flex e-con e-child\" data-id=\"66175f8a\" data-element_type=\"container\" data-e-type=\"container\">\n\t\t\t\t<div class=\"elementor-element elementor-element-8aa08ff elementor-widget elementor-widget-heading\" data-id=\"8aa08ff\" data-element_type=\"widget\" data-e-type=\"widget\" data-widget_type=\"heading.default\">\n\t\t\t\t<div class=\"elementor-widget-container\">\n\t\t\t\t\t<h1 class=\"elementor-heading-title elementor-size-default\">Gallium-68 (Ge-68\/Ga-68) Generator<\/h1>\t\t\t\t<\/div>\n\t\t\t\t<\/div>\n\t\t\t\t<\/div>\n\t\t\t\t\t<\/div>\n\t\t\t\t<\/div>\n\t\t<div class=\"elementor-element elementor-element-10159ab e-flex e-con-boxed e-con e-parent\" data-id=\"10159ab\" data-element_type=\"container\" data-e-type=\"container\">\n\t\t\t\t\t<div class=\"e-con-inner\">\n\t\t<div class=\"elementor-element elementor-element-445fc63 e-con-full e-flex elementor-invisible e-con e-child\" data-id=\"445fc63\" data-element_type=\"container\" data-e-type=\"container\" data-settings=\"{&quot;animation&quot;:&quot;fadeInLeft&quot;}\">\n\t\t\t\t<div class=\"elementor-element elementor-element-3072a8c elementor-widget elementor-widget-heading\" data-id=\"3072a8c\" data-element_type=\"widget\" data-e-type=\"widget\" data-widget_type=\"heading.default\">\n\t\t\t\t<div class=\"elementor-widget-container\">\n\t\t\t\t\t<h2 class=\"elementor-heading-title elementor-size-default\">iThemba LABS Ga-68 Generator<\/h2>\t\t\t\t<\/div>\n\t\t\t\t<\/div>\n\t\t\t\t<div class=\"elementor-element elementor-element-5f1e9c5 elementor-widget elementor-widget-image\" data-id=\"5f1e9c5\" data-element_type=\"widget\" data-e-type=\"widget\" data-widget_type=\"image.default\">\n\t\t\t\t<div class=\"elementor-widget-container\">\n\t\t\t\t\t\t\t\t\t\t\t\t\t\t\t<img fetchpriority=\"high\" decoding=\"async\" width=\"769\" height=\"577\" src=\"https:\/\/www.edhmed.com\/wp-content\/uploads\/2024\/02\/Ga68-Generator.jpg\" class=\"attachment-large size-large wp-image-3522\" alt=\"\" srcset=\"https:\/\/www.edhmed.com\/wp-content\/uploads\/2024\/02\/Ga68-Generator.jpg 769w, https:\/\/www.edhmed.com\/wp-content\/uploads\/2024\/02\/Ga68-Generator-300x225.jpg 300w\" sizes=\"(max-width: 769px) 100vw, 769px\" \/>\t\t\t\t\t\t\t\t\t\t\t\t\t\t\t<\/div>\n\t\t\t\t<\/div>\n\t\t\t\t<div class=\"elementor-element elementor-element-b23a50b elementor-widget elementor-widget-text-editor\" data-id=\"b23a50b\" data-element_type=\"widget\" data-e-type=\"widget\" data-widget_type=\"text-editor.default\">\n\t\t\t\t<div class=\"elementor-widget-container\">\n\t\t\t\t\t\t\t\t\t<table width=\"535\">\n<tbody>\n<tr>\n<td colspan=\"2\" width=\"535\">iThemba LABS Ga-68 Generator Spesifications<\/td>\n<\/tr>\n<tr>\n<td width=\"196\">Shelf Life<\/td>\n<td width=\"339\">up to 9 months<\/td>\n<\/tr>\n<tr>\n<td width=\"196\">Ga68 Purity<\/td>\n<td width=\"339\">&lt;%0.001<\/td>\n<\/tr>\n<tr>\n<td width=\"196\">Elution Time<\/td>\n<td width=\"339\">3 min.<\/td>\n<\/tr>\n<tr>\n<td width=\"196\">Elution Volume<\/td>\n<td width=\"339\">6 ml<\/td>\n<\/tr>\n<tr>\n<td width=\"196\">RadioShielding<\/td>\n<td width=\"339\">50 mm kur\u015fun e\u015fde\u011fer<\/td>\n<\/tr>\n<tr>\n<td width=\"196\">Certification<\/td>\n<td width=\"339\">GMP<\/td>\n<\/tr>\n<\/tbody>\n<\/table>\n\t\t\t\t\t\t\t\t<\/div>\n\t\t\t\t<\/div>\n\t\t\t\t<\/div>\n\t\t<div class=\"elementor-element elementor-element-f1737a0 e-con-full e-flex elementor-invisible e-con e-child\" data-id=\"f1737a0\" data-element_type=\"container\" data-e-type=\"container\" data-settings=\"{&quot;animation&quot;:&quot;fadeInRight&quot;}\">\n\t\t\t\t<div class=\"elementor-element elementor-element-f04f0f5 elementor-widget elementor-widget-heading\" data-id=\"f04f0f5\" data-element_type=\"widget\" data-e-type=\"widget\" data-widget_type=\"heading.default\">\n\t\t\t\t<div class=\"elementor-widget-container\">\n\t\t\t\t\t<h2 class=\"elementor-heading-title elementor-size-default\">iRE Elit Ga-68 Generator<\/h2>\t\t\t\t<\/div>\n\t\t\t\t<\/div>\n\t\t\t\t<div class=\"elementor-element elementor-element-8844ef1 elementor-widget elementor-widget-image\" data-id=\"8844ef1\" data-element_type=\"widget\" data-e-type=\"widget\" data-widget_type=\"image.default\">\n\t\t\t\t<div class=\"elementor-widget-container\">\n\t\t\t\t\t\t\t\t\t\t\t\t\t\t\t<img decoding=\"async\" width=\"800\" height=\"608\" src=\"https:\/\/www.edhmed.com\/wp-content\/uploads\/2024\/02\/galli-eo.jpg\" class=\"attachment-large size-large wp-image-3521\" alt=\"\" srcset=\"https:\/\/www.edhmed.com\/wp-content\/uploads\/2024\/02\/galli-eo.jpg 820w, https:\/\/www.edhmed.com\/wp-content\/uploads\/2024\/02\/galli-eo-300x228.jpg 300w, https:\/\/www.edhmed.com\/wp-content\/uploads\/2024\/02\/galli-eo-768x583.jpg 768w\" sizes=\"(max-width: 800px) 100vw, 800px\" \/>\t\t\t\t\t\t\t\t\t\t\t\t\t\t\t<\/div>\n\t\t\t\t<\/div>\n\t\t\t\t<div class=\"elementor-element elementor-element-26e63a6 elementor-widget elementor-widget-text-editor\" data-id=\"26e63a6\" data-element_type=\"widget\" data-e-type=\"widget\" data-widget_type=\"text-editor.default\">\n\t\t\t\t<div class=\"elementor-widget-container\">\n\t\t\t\t\t\t\t\t\t<table width=\"535\">\n<tbody>\n<tr>\n<td colspan=\"2\" width=\"535\">iRE Elit Ga-68 Generator Spesifications<\/td>\n<\/tr>\n<tr>\n<td width=\"196\">Shelf Life<\/td>\n<td width=\"339\">12 months or 450 elutions<\/td>\n<\/tr>\n<tr>\n<td width=\"196\">Ga68 Purity<\/td>\n<td width=\"339\">&lt;%0.001<\/td>\n<\/tr>\n<tr>\n<td width=\"196\">Elution Time<\/td>\n<td width=\"339\">3 min.<\/td>\n<\/tr>\n<tr>\n<td width=\"196\">Elution Volume<\/td>\n<td width=\"339\">1.1 ml<\/td>\n<\/tr>\n<tr>\n<td width=\"196\">RadioShielding<\/td>\n<td width=\"339\">50mm lead equivalent<\/td>\n<\/tr>\n<tr>\n<td width=\"196\">Certification<\/td>\n<td width=\"339\">GMP<\/td>\n<\/tr>\n<\/tbody>\n<\/table>\n\t\t\t\t\t\t\t\t<\/div>\n\t\t\t\t<\/div>\n\t\t\t\t<\/div>\n\t\t\t\t\t<\/div>\n\t\t\t\t<\/div>\n\t\t<div class=\"elementor-element elementor-element-56f78243 e-con-full e-flex elementor-invisible e-con e-parent\" data-id=\"56f78243\" data-element_type=\"container\" data-e-type=\"container\" data-settings=\"{&quot;animation&quot;:&quot;fadeInUp&quot;}\">\n\t\t\t\t<div class=\"elementor-element elementor-element-35b704c1 elementor-widget elementor-widget-template\" data-id=\"35b704c1\" data-element_type=\"widget\" data-e-type=\"widget\" data-widget_type=\"template.default\">\n\t\t\t\t<div class=\"elementor-widget-container\">\n\t\t\t\t\t\t\t<div class=\"elementor-template\">\n\t\t\t\t\t<div data-elementor-type=\"container\" data-elementor-id=\"3630\" class=\"elementor elementor-3630 elementor-2525 elementor-2525\" data-elementor-post-type=\"elementor_library\">\n\t\t\t\t<div class=\"elementor-element elementor-element-26e2835c e-flex e-con-boxed e-con e-parent\" data-id=\"26e2835c\" data-element_type=\"container\" data-e-type=\"container\" data-settings=\"{&quot;background_background&quot;:&quot;classic&quot;}\">\n\t\t\t\t\t<div class=\"e-con-inner\">\n\t\t<div class=\"elementor-element elementor-element-574c57f3 e-con-full e-flex e-con e-child\" data-id=\"574c57f3\" data-element_type=\"container\" data-e-type=\"container\">\n\t\t\t\t<div class=\"elementor-element elementor-element-8814750 elementor-widget elementor-widget-heading\" data-id=\"8814750\" data-element_type=\"widget\" data-e-type=\"widget\" data-widget_type=\"heading.default\">\n\t\t\t\t<div class=\"elementor-widget-container\">\n\t\t\t\t\t<h2 class=\"elementor-heading-title elementor-size-default\">We're ready to collaborate!<\/h2>\t\t\t\t<\/div>\n\t\t\t\t<\/div>\n\t\t\t\t<div class=\"elementor-element elementor-element-727debc elementor-widget elementor-widget-text-editor\" data-id=\"727debc\" data-element_type=\"widget\" data-e-type=\"widget\" data-widget_type=\"text-editor.default\">\n\t\t\t\t<div class=\"elementor-widget-container\">\n\t\t\t\t\t\t\t\t\t<p>You can contact us to learn more about our products and solutions and to get acquainted.<\/p>\n\t\t\t\t\t\t\t\t<\/div>\n\t\t\t\t<\/div>\n\t\t\t\t<\/div>\n\t\t<div class=\"elementor-element elementor-element-734eeb0e e-con-full e-flex e-con e-child\" data-id=\"734eeb0e\" data-element_type=\"container\" data-e-type=\"container\">\n\t\t\t\t<div class=\"elementor-element elementor-element-e7e064e elementor-align-center elementor-widget elementor-widget-button\" data-id=\"e7e064e\" data-element_type=\"widget\" data-e-type=\"widget\" data-widget_type=\"button.default\">\n\t\t\t\t<div class=\"elementor-widget-container\">\n\t\t\t\t\t\t\t\t\t<div class=\"elementor-button-wrapper\">\n\t\t\t\t\t<a class=\"elementor-button elementor-button-link elementor-size-sm\" href=\"https:\/\/edhmed.com\/en\/contact-us\/\">\n\t\t\t\t\t\t<span class=\"elementor-button-content-wrapper\">\n\t\t\t\t\t\t\t\t\t<span class=\"elementor-button-text\">Reach Us<\/span>\n\t\t\t\t\t<\/span>\n\t\t\t\t\t<\/a>\n\t\t\t\t<\/div>\n\t\t\t\t\t\t\t\t<\/div>\n\t\t\t\t<\/div>\n\t\t\t\t<\/div>\n\t\t\t\t\t<\/div>\n\t\t\t\t<\/div>\n\t\t\t\t<\/div>\n\t\t\t\t<\/div>\n\t\t\t\t\t\t<\/div>\n\t\t\t\t<\/div>\n\t\t\t\t<\/div>\n\t\t\t\t<\/div>\n\t\t","protected":false},"excerpt":{"rendered":"<p>iThemba LABS Ga-68 Generator iThemba LABS Ga-68 Generator Spesifications Shelf Life up to 9 months Ga68 Purity &lt;%0.001 Elution Time 3 min. Elution Volume 6 ml RadioShielding 50 mm kur\u015fun e\u015fde\u011fer Certification GMP iRE Elit Ga-68 Generator iRE Elit Ga-68 Generator Spesifications Shelf Life 12 months or 450 elutions Ga68 Purity &lt;%0.001 Elution Time 3 [&hellip;]<\/p>\n","protected":false},"author":1,"featured_media":2867,"parent":0,"menu_order":0,"comment_status":"closed","ping_status":"closed","template":"","meta":{"footnotes":""},"class_list":["post-3520","page","type-page","status-publish","has-post-thumbnail","hentry"],"yoast_head":"<!-- This site is optimized with the Yoast SEO plugin v27.5 - https:\/\/yoast.com\/product\/yoast-seo-wordpress\/ -->\n<title>Gallium-68 (Ge-68\/Ga-68) Generator - EDH Nuclear Medicine &amp; Healthcare Services<\/title>\n<meta name=\"robots\" content=\"index, follow, max-snippet:-1, max-image-preview:large, max-video-preview:-1\" \/>\n<link rel=\"canonical\" href=\"https:\/\/www.edhmed.com\/en\/gallium-68-ge-68-ga-68-generator\/\" \/>\n<meta property=\"og:locale\" content=\"en_US\" \/>\n<meta property=\"og:type\" content=\"article\" \/>\n<meta property=\"og:title\" content=\"Gallium-68 (Ge-68\/Ga-68) Generator - EDH Nuclear Medicine &amp; Healthcare Services\" \/>\n<meta property=\"og:description\" content=\"iThemba LABS Ga-68 Generator iThemba LABS Ga-68 Generator Spesifications Shelf Life up to 9 months Ga68 Purity &lt;%0.001 Elution Time 3 min. Elution Volume 6 ml RadioShielding 50 mm kur\u015fun e\u015fde\u011fer Certification GMP iRE Elit Ga-68 Generator iRE Elit Ga-68 Generator Spesifications Shelf Life 12 months or 450 elutions Ga68 Purity &lt;%0.001 Elution Time 3 [&hellip;]\" \/>\n<meta property=\"og:url\" content=\"https:\/\/www.edhmed.com\/en\/gallium-68-ge-68-ga-68-generator\/\" \/>\n<meta property=\"og:site_name\" content=\"EDH Nuclear Medicine &amp; Healthcare Services\" \/>\n<meta property=\"article:modified_time\" content=\"2024-07-12T20:24:51+00:00\" \/>\n<meta property=\"og:image\" content=\"https:\/\/www.edhmed.com\/wp-content\/uploads\/2024\/03\/AdobeStock_301963990_Preview.jpeg\" \/>\n\t<meta property=\"og:image:width\" content=\"1000\" \/>\n\t<meta property=\"og:image:height\" content=\"347\" \/>\n\t<meta property=\"og:image:type\" content=\"image\/jpeg\" \/>\n<meta name=\"twitter:card\" content=\"summary_large_image\" \/>\n<script type=\"application\/ld+json\" class=\"yoast-schema-graph\">{\"@context\":\"https:\\\/\\\/schema.org\",\"@graph\":[{\"@type\":\"WebPage\",\"@id\":\"https:\\\/\\\/www.edhmed.com\\\/en\\\/gallium-68-ge-68-ga-68-generator\\\/\",\"url\":\"https:\\\/\\\/www.edhmed.com\\\/en\\\/gallium-68-ge-68-ga-68-generator\\\/\",\"name\":\"Gallium-68 (Ge-68\\\/Ga-68) Generator - EDH Nuclear Medicine & Healthcare Services\",\"isPartOf\":{\"@id\":\"https:\\\/\\\/www.edhmed.com\\\/en\\\/#website\"},\"primaryImageOfPage\":{\"@id\":\"https:\\\/\\\/www.edhmed.com\\\/en\\\/gallium-68-ge-68-ga-68-generator\\\/#primaryimage\"},\"image\":{\"@id\":\"https:\\\/\\\/www.edhmed.com\\\/en\\\/gallium-68-ge-68-ga-68-generator\\\/#primaryimage\"},\"thumbnailUrl\":\"https:\\\/\\\/www.edhmed.com\\\/wp-content\\\/uploads\\\/2024\\\/03\\\/AdobeStock_301963990_Preview.jpeg\",\"datePublished\":\"2024-05-29T11:44:23+00:00\",\"dateModified\":\"2024-07-12T20:24:51+00:00\",\"breadcrumb\":{\"@id\":\"https:\\\/\\\/www.edhmed.com\\\/en\\\/gallium-68-ge-68-ga-68-generator\\\/#breadcrumb\"},\"inLanguage\":\"en-US\",\"potentialAction\":[{\"@type\":\"ReadAction\",\"target\":[\"https:\\\/\\\/www.edhmed.com\\\/en\\\/gallium-68-ge-68-ga-68-generator\\\/\"]}]},{\"@type\":\"ImageObject\",\"inLanguage\":\"en-US\",\"@id\":\"https:\\\/\\\/www.edhmed.com\\\/en\\\/gallium-68-ge-68-ga-68-generator\\\/#primaryimage\",\"url\":\"https:\\\/\\\/www.edhmed.com\\\/wp-content\\\/uploads\\\/2024\\\/03\\\/AdobeStock_301963990_Preview.jpeg\",\"contentUrl\":\"https:\\\/\\\/www.edhmed.com\\\/wp-content\\\/uploads\\\/2024\\\/03\\\/AdobeStock_301963990_Preview.jpeg\",\"width\":1000,\"height\":347},{\"@type\":\"BreadcrumbList\",\"@id\":\"https:\\\/\\\/www.edhmed.com\\\/en\\\/gallium-68-ge-68-ga-68-generator\\\/#breadcrumb\",\"itemListElement\":[{\"@type\":\"ListItem\",\"position\":1,\"name\":\"Ana sayfa\",\"item\":\"https:\\\/\\\/www.edhmed.com\\\/en\\\/\"},{\"@type\":\"ListItem\",\"position\":2,\"name\":\"Gallium-68 (Ge-68\\\/Ga-68) Generator\"}]},{\"@type\":\"WebSite\",\"@id\":\"https:\\\/\\\/www.edhmed.com\\\/en\\\/#website\",\"url\":\"https:\\\/\\\/www.edhmed.com\\\/en\\\/\",\"name\":\"EDH Nuclear Medicine & Healthcare Services\",\"description\":\"\",\"publisher\":{\"@id\":\"https:\\\/\\\/www.edhmed.com\\\/en\\\/#organization\"},\"potentialAction\":[{\"@type\":\"SearchAction\",\"target\":{\"@type\":\"EntryPoint\",\"urlTemplate\":\"https:\\\/\\\/www.edhmed.com\\\/en\\\/?s={search_term_string}\"},\"query-input\":{\"@type\":\"PropertyValueSpecification\",\"valueRequired\":true,\"valueName\":\"search_term_string\"}}],\"inLanguage\":\"en-US\"},{\"@type\":\"Organization\",\"@id\":\"https:\\\/\\\/www.edhmed.com\\\/en\\\/#organization\",\"name\":\"EDH Nuclear Medicine & Healthcare Services\u00a0\",\"url\":\"https:\\\/\\\/www.edhmed.com\\\/en\\\/\",\"logo\":{\"@type\":\"ImageObject\",\"inLanguage\":\"en-US\",\"@id\":\"https:\\\/\\\/www.edhmed.com\\\/en\\\/#\\\/schema\\\/logo\\\/image\\\/\",\"url\":\"https:\\\/\\\/edhmed.com\\\/wp-content\\\/uploads\\\/2017\\\/09\\\/edh-med-site-logo-3.png\",\"contentUrl\":\"https:\\\/\\\/edhmed.com\\\/wp-content\\\/uploads\\\/2017\\\/09\\\/edh-med-site-logo-3.png\",\"width\":534,\"height\":156,\"caption\":\"EDH Nuclear Medicine & Healthcare Services\u00a0\"},\"image\":{\"@id\":\"https:\\\/\\\/www.edhmed.com\\\/en\\\/#\\\/schema\\\/logo\\\/image\\\/\"},\"sameAs\":[\"https:\\\/\\\/www.linkedin.com\\\/company\\\/edhmed\"]}]}<\/script>\n<!-- \/ Yoast SEO plugin. -->","yoast_head_json":{"title":"Gallium-68 (Ge-68\/Ga-68) Generator - EDH Nuclear Medicine & Healthcare Services","robots":{"index":"index","follow":"follow","max-snippet":"max-snippet:-1","max-image-preview":"max-image-preview:large","max-video-preview":"max-video-preview:-1"},"canonical":"https:\/\/www.edhmed.com\/en\/gallium-68-ge-68-ga-68-generator\/","og_locale":"en_US","og_type":"article","og_title":"Gallium-68 (Ge-68\/Ga-68) Generator - EDH Nuclear Medicine & Healthcare Services","og_description":"iThemba LABS Ga-68 Generator iThemba LABS Ga-68 Generator Spesifications Shelf Life up to 9 months Ga68 Purity &lt;%0.001 Elution Time 3 min. Elution Volume 6 ml RadioShielding 50 mm kur\u015fun e\u015fde\u011fer Certification GMP iRE Elit Ga-68 Generator iRE Elit Ga-68 Generator Spesifications Shelf Life 12 months or 450 elutions Ga68 Purity &lt;%0.001 Elution Time 3 [&hellip;]","og_url":"https:\/\/www.edhmed.com\/en\/gallium-68-ge-68-ga-68-generator\/","og_site_name":"EDH Nuclear Medicine & Healthcare Services","article_modified_time":"2024-07-12T20:24:51+00:00","og_image":[{"width":1000,"height":347,"url":"https:\/\/www.edhmed.com\/wp-content\/uploads\/2024\/03\/AdobeStock_301963990_Preview.jpeg","type":"image\/jpeg"}],"twitter_card":"summary_large_image","schema":{"@context":"https:\/\/schema.org","@graph":[{"@type":"WebPage","@id":"https:\/\/www.edhmed.com\/en\/gallium-68-ge-68-ga-68-generator\/","url":"https:\/\/www.edhmed.com\/en\/gallium-68-ge-68-ga-68-generator\/","name":"Gallium-68 (Ge-68\/Ga-68) Generator - EDH Nuclear Medicine & Healthcare Services","isPartOf":{"@id":"https:\/\/www.edhmed.com\/en\/#website"},"primaryImageOfPage":{"@id":"https:\/\/www.edhmed.com\/en\/gallium-68-ge-68-ga-68-generator\/#primaryimage"},"image":{"@id":"https:\/\/www.edhmed.com\/en\/gallium-68-ge-68-ga-68-generator\/#primaryimage"},"thumbnailUrl":"https:\/\/www.edhmed.com\/wp-content\/uploads\/2024\/03\/AdobeStock_301963990_Preview.jpeg","datePublished":"2024-05-29T11:44:23+00:00","dateModified":"2024-07-12T20:24:51+00:00","breadcrumb":{"@id":"https:\/\/www.edhmed.com\/en\/gallium-68-ge-68-ga-68-generator\/#breadcrumb"},"inLanguage":"en-US","potentialAction":[{"@type":"ReadAction","target":["https:\/\/www.edhmed.com\/en\/gallium-68-ge-68-ga-68-generator\/"]}]},{"@type":"ImageObject","inLanguage":"en-US","@id":"https:\/\/www.edhmed.com\/en\/gallium-68-ge-68-ga-68-generator\/#primaryimage","url":"https:\/\/www.edhmed.com\/wp-content\/uploads\/2024\/03\/AdobeStock_301963990_Preview.jpeg","contentUrl":"https:\/\/www.edhmed.com\/wp-content\/uploads\/2024\/03\/AdobeStock_301963990_Preview.jpeg","width":1000,"height":347},{"@type":"BreadcrumbList","@id":"https:\/\/www.edhmed.com\/en\/gallium-68-ge-68-ga-68-generator\/#breadcrumb","itemListElement":[{"@type":"ListItem","position":1,"name":"Ana sayfa","item":"https:\/\/www.edhmed.com\/en\/"},{"@type":"ListItem","position":2,"name":"Gallium-68 (Ge-68\/Ga-68) Generator"}]},{"@type":"WebSite","@id":"https:\/\/www.edhmed.com\/en\/#website","url":"https:\/\/www.edhmed.com\/en\/","name":"EDH Nuclear Medicine & Healthcare Services","description":"","publisher":{"@id":"https:\/\/www.edhmed.com\/en\/#organization"},"potentialAction":[{"@type":"SearchAction","target":{"@type":"EntryPoint","urlTemplate":"https:\/\/www.edhmed.com\/en\/?s={search_term_string}"},"query-input":{"@type":"PropertyValueSpecification","valueRequired":true,"valueName":"search_term_string"}}],"inLanguage":"en-US"},{"@type":"Organization","@id":"https:\/\/www.edhmed.com\/en\/#organization","name":"EDH Nuclear Medicine & Healthcare Services\u00a0","url":"https:\/\/www.edhmed.com\/en\/","logo":{"@type":"ImageObject","inLanguage":"en-US","@id":"https:\/\/www.edhmed.com\/en\/#\/schema\/logo\/image\/","url":"https:\/\/edhmed.com\/wp-content\/uploads\/2017\/09\/edh-med-site-logo-3.png","contentUrl":"https:\/\/edhmed.com\/wp-content\/uploads\/2017\/09\/edh-med-site-logo-3.png","width":534,"height":156,"caption":"EDH Nuclear Medicine & Healthcare Services\u00a0"},"image":{"@id":"https:\/\/www.edhmed.com\/en\/#\/schema\/logo\/image\/"},"sameAs":["https:\/\/www.linkedin.com\/company\/edhmed"]}]}},"_links":{"self":[{"href":"https:\/\/www.edhmed.com\/en\/wp-json\/wp\/v2\/pages\/3520","targetHints":{"allow":["GET"]}}],"collection":[{"href":"https:\/\/www.edhmed.com\/en\/wp-json\/wp\/v2\/pages"}],"about":[{"href":"https:\/\/www.edhmed.com\/en\/wp-json\/wp\/v2\/types\/page"}],"author":[{"embeddable":true,"href":"https:\/\/www.edhmed.com\/en\/wp-json\/wp\/v2\/users\/1"}],"replies":[{"embeddable":true,"href":"https:\/\/www.edhmed.com\/en\/wp-json\/wp\/v2\/comments?post=3520"}],"version-history":[{"count":4,"href":"https:\/\/www.edhmed.com\/en\/wp-json\/wp\/v2\/pages\/3520\/revisions"}],"predecessor-version":[{"id":4611,"href":"https:\/\/www.edhmed.com\/en\/wp-json\/wp\/v2\/pages\/3520\/revisions\/4611"}],"wp:featuredmedia":[{"embeddable":true,"href":"https:\/\/www.edhmed.com\/en\/wp-json\/wp\/v2\/media\/2867"}],"wp:attachment":[{"href":"https:\/\/www.edhmed.com\/en\/wp-json\/wp\/v2\/media?parent=3520"}],"curies":[{"name":"wp","href":"https:\/\/api.w.org\/{rel}","templated":true}]}}