{"id":3573,"date":"2024-05-29T16:21:21","date_gmt":"2024-05-29T13:21:21","guid":{"rendered":"https:\/\/edhmed.com\/theranostics-compunding-services\/"},"modified":"2024-07-12T23:34:22","modified_gmt":"2024-07-12T20:34:22","slug":"theranostics-compounding-services","status":"publish","type":"page","link":"https:\/\/www.edhmed.com\/en\/theranostics-compounding-services\/","title":{"rendered":"Theranostics Compounding Services"},"content":{"rendered":"\t\t<div data-elementor-type=\"wp-page\" data-elementor-id=\"3573\" class=\"elementor elementor-3573 elementor-2650\" data-elementor-post-type=\"page\">\n\t\t\t\t<div class=\"elementor-element elementor-element-197b5a4a e-flex e-con-boxed e-con e-parent\" data-id=\"197b5a4a\" data-element_type=\"container\" data-e-type=\"container\" data-settings=\"{&quot;background_background&quot;:&quot;classic&quot;}\">\n\t\t\t\t\t<div class=\"e-con-inner\">\n\t\t\t\t\t<\/div>\n\t\t\t\t<\/div>\n\t\t<div class=\"elementor-element elementor-element-b043020 e-flex e-con-boxed e-con e-parent\" data-id=\"b043020\" data-element_type=\"container\" data-e-type=\"container\" data-settings=\"{&quot;background_background&quot;:&quot;classic&quot;}\">\n\t\t\t\t\t<div class=\"e-con-inner\">\n\t\t<div class=\"elementor-element elementor-element-62eca2c6 e-con-full e-flex e-con e-child\" data-id=\"62eca2c6\" data-element_type=\"container\" data-e-type=\"container\">\n\t\t\t\t<div class=\"elementor-element elementor-element-2ee33f33 elementor-widget elementor-widget-heading\" data-id=\"2ee33f33\" data-element_type=\"widget\" data-e-type=\"widget\" data-widget_type=\"heading.default\">\n\t\t\t\t<div class=\"elementor-widget-container\">\n\t\t\t\t\t<h1 class=\"elementor-heading-title elementor-size-default\">Theranostics Compounding Services<\/h1>\t\t\t\t<\/div>\n\t\t\t\t<\/div>\n\t\t\t\t<\/div>\n\t\t\t\t\t<\/div>\n\t\t\t\t<\/div>\n\t\t<div class=\"elementor-element elementor-element-68fe74d3 e-flex e-con-boxed e-con e-parent\" data-id=\"68fe74d3\" data-element_type=\"container\" data-e-type=\"container\">\n\t\t\t\t\t<div class=\"e-con-inner\">\n\t\t<div class=\"elementor-element elementor-element-35701446 e-con-full e-flex elementor-invisible e-con e-child\" data-id=\"35701446\" data-element_type=\"container\" data-e-type=\"container\" data-settings=\"{&quot;animation&quot;:&quot;fadeInLeft&quot;}\">\n\t\t\t\t<div class=\"elementor-element elementor-element-23181571 elementor-widget elementor-widget-heading\" data-id=\"23181571\" data-element_type=\"widget\" data-e-type=\"widget\" data-widget_type=\"heading.default\">\n\t\t\t\t<div class=\"elementor-widget-container\">\n\t\t\t\t\t<h2 class=\"elementor-heading-title elementor-size-default\">Customized Magistral Radiopharmaceutical Production<\/h2>\t\t\t\t<\/div>\n\t\t\t\t<\/div>\n\t\t\t\t<\/div>\n\t\t<div class=\"elementor-element elementor-element-49856d4 e-con-full e-flex elementor-invisible e-con e-child\" data-id=\"49856d4\" data-element_type=\"container\" data-e-type=\"container\" data-settings=\"{&quot;animation&quot;:&quot;fadeInLeft&quot;}\">\n\t\t\t\t<div class=\"elementor-element elementor-element-6aa8eb2e elementor-icon-list--layout-traditional elementor-list-item-link-full_width elementor-widget elementor-widget-icon-list\" data-id=\"6aa8eb2e\" data-element_type=\"widget\" data-e-type=\"widget\" data-widget_type=\"icon-list.default\">\n\t\t\t\t<div class=\"elementor-widget-container\">\n\t\t\t\t\t\t\t<ul class=\"elementor-icon-list-items\">\n\t\t\t\t\t\t\t<li class=\"elementor-icon-list-item\">\n\t\t\t\t\t\t\t\t\t\t\t<span class=\"elementor-icon-list-icon\">\n\t\t\t\t\t\t\t<svg aria-hidden=\"true\" class=\"e-font-icon-svg e-fas-dot-circle\" viewBox=\"0 0 512 512\" xmlns=\"http:\/\/www.w3.org\/2000\/svg\"><path d=\"M256 8C119.033 8 8 119.033 8 256s111.033 248 248 248 248-111.033 248-248S392.967 8 256 8zm80 248c0 44.112-35.888 80-80 80s-80-35.888-80-80 35.888-80 80-80 80 35.888 80 80z\"><\/path><\/svg>\t\t\t\t\t\t<\/span>\n\t\t\t\t\t\t\t\t\t\t<span class=\"elementor-icon-list-text\">Design and installation of radiopharmacy laboratory <\/span>\n\t\t\t\t\t\t\t\t\t<\/li>\n\t\t\t\t\t\t\t\t<li class=\"elementor-icon-list-item\">\n\t\t\t\t\t\t\t\t\t\t\t<span class=\"elementor-icon-list-icon\">\n\t\t\t\t\t\t\t<svg aria-hidden=\"true\" class=\"e-font-icon-svg e-fas-dot-circle\" viewBox=\"0 0 512 512\" xmlns=\"http:\/\/www.w3.org\/2000\/svg\"><path d=\"M256 8C119.033 8 8 119.033 8 256s111.033 248 248 248 248-111.033 248-248S392.967 8 256 8zm80 248c0 44.112-35.888 80-80 80s-80-35.888-80-80 35.888-80 80-80 80 35.888 80 80z\"><\/path><\/svg>\t\t\t\t\t\t<\/span>\n\t\t\t\t\t\t\t\t\t\t<span class=\"elementor-icon-list-text\">Equipment supply for theranostic production (hot cell, synthesis and quality control equipment)<\/span>\n\t\t\t\t\t\t\t\t\t<\/li>\n\t\t\t\t\t\t\t\t<li class=\"elementor-icon-list-item\">\n\t\t\t\t\t\t\t\t\t\t\t<span class=\"elementor-icon-list-icon\">\n\t\t\t\t\t\t\t<svg aria-hidden=\"true\" class=\"e-font-icon-svg e-fas-dot-circle\" viewBox=\"0 0 512 512\" xmlns=\"http:\/\/www.w3.org\/2000\/svg\"><path d=\"M256 8C119.033 8 8 119.033 8 256s111.033 248 248 248 248-111.033 248-248S392.967 8 256 8zm80 248c0 44.112-35.888 80-80 80s-80-35.888-80-80 35.888-80 80-80 80 35.888 80 80z\"><\/path><\/svg>\t\t\t\t\t\t<\/span>\n\t\t\t\t\t\t\t\t\t\t<span class=\"elementor-icon-list-text\">Production consumables supply (Ge-68\/Ga-68 Generator, Lu-177, Ac-225, Tb-161, peptites, cassettes, reagents, etc.)<\/span>\n\t\t\t\t\t\t\t\t\t<\/li>\n\t\t\t\t\t\t\t\t<li class=\"elementor-icon-list-item\">\n\t\t\t\t\t\t\t\t\t\t\t<span class=\"elementor-icon-list-icon\">\n\t\t\t\t\t\t\t<svg aria-hidden=\"true\" class=\"e-font-icon-svg e-fas-dot-circle\" viewBox=\"0 0 512 512\" xmlns=\"http:\/\/www.w3.org\/2000\/svg\"><path d=\"M256 8C119.033 8 8 119.033 8 256s111.033 248 248 248 248-111.033 248-248S392.967 8 256 8zm80 248c0 44.112-35.888 80-80 80s-80-35.888-80-80 35.888-80 80-80 80 35.888 80 80z\"><\/path><\/svg>\t\t\t\t\t\t<\/span>\n\t\t\t\t\t\t\t\t\t\t<span class=\"elementor-icon-list-text\">Compounding and quality control applications <\/span>\n\t\t\t\t\t\t\t\t\t<\/li>\n\t\t\t\t\t\t\t\t<li class=\"elementor-icon-list-item\">\n\t\t\t\t\t\t\t\t\t\t\t<span class=\"elementor-icon-list-icon\">\n\t\t\t\t\t\t\t<svg aria-hidden=\"true\" class=\"e-font-icon-svg e-fas-dot-circle\" viewBox=\"0 0 512 512\" xmlns=\"http:\/\/www.w3.org\/2000\/svg\"><path d=\"M256 8C119.033 8 8 119.033 8 256s111.033 248 248 248 248-111.033 248-248S392.967 8 256 8zm80 248c0 44.112-35.888 80-80 80s-80-35.888-80-80 35.888-80 80-80 80 35.888 80 80z\"><\/path><\/svg>\t\t\t\t\t\t<\/span>\n\t\t\t\t\t\t\t\t\t\t<span class=\"elementor-icon-list-text\">Patient dose delivery<\/span>\n\t\t\t\t\t\t\t\t\t<\/li>\n\t\t\t\t\t\t<\/ul>\n\t\t\t\t\t\t<\/div>\n\t\t\t\t<\/div>\n\t\t\t\t<div class=\"elementor-element elementor-element-3feee6e elementor-widget elementor-widget-text-editor\" data-id=\"3feee6e\" data-element_type=\"widget\" data-e-type=\"widget\" data-widget_type=\"text-editor.default\">\n\t\t\t\t<div class=\"elementor-widget-container\">\n\t\t\t\t\t\t\t\t\t<p><strong>References<\/strong><strong>:<\/strong><\/p>\n<ul>\n<li>Memorial \u015ei\u015fli Hospital \u2013 \u0130stanbul<\/li>\n<li>Medicana Beylikd\u00fcz\u00fc Hospital \u2013 \u0130stanbul<\/li>\n<\/ul>\n\t\t\t\t\t\t\t\t<\/div>\n\t\t\t\t<\/div>\n\t\t\t\t<\/div>\n\t\t<div class=\"elementor-element elementor-element-42e60681 e-con-full e-flex elementor-invisible e-con e-child\" data-id=\"42e60681\" data-element_type=\"container\" data-e-type=\"container\" data-settings=\"{&quot;animation&quot;:&quot;fadeInRight&quot;}\">\n\t\t\t\t<div class=\"elementor-element elementor-element-752c6d0a elementor-widget elementor-widget-image\" data-id=\"752c6d0a\" data-element_type=\"widget\" data-e-type=\"widget\" data-widget_type=\"image.default\">\n\t\t\t\t<div class=\"elementor-widget-container\">\n\t\t\t\t\t\t\t\t\t\t\t\t\t\t\t<img fetchpriority=\"high\" decoding=\"async\" width=\"643\" height=\"360\" src=\"https:\/\/www.edhmed.com\/wp-content\/uploads\/2024\/02\/yerinde-hasta-dozu-hizmeti-onsite-patient-dose-service-edh-nuclear.jpg\" class=\"attachment-full size-full wp-image-3574\" alt=\"\" srcset=\"https:\/\/www.edhmed.com\/wp-content\/uploads\/2024\/02\/yerinde-hasta-dozu-hizmeti-onsite-patient-dose-service-edh-nuclear.jpg 643w, https:\/\/www.edhmed.com\/wp-content\/uploads\/2024\/02\/yerinde-hasta-dozu-hizmeti-onsite-patient-dose-service-edh-nuclear-300x168.jpg 300w\" sizes=\"(max-width: 643px) 100vw, 643px\" \/>\t\t\t\t\t\t\t\t\t\t\t\t\t\t\t<\/div>\n\t\t\t\t<\/div>\n\t\t\t\t<\/div>\n\t\t\t\t\t<\/div>\n\t\t\t\t<\/div>\n\t\t<div class=\"elementor-element elementor-element-449d24db e-con-full e-flex elementor-invisible e-con e-parent\" data-id=\"449d24db\" data-element_type=\"container\" data-e-type=\"container\" data-settings=\"{&quot;animation&quot;:&quot;fadeInUp&quot;}\">\n\t\t\t\t<div class=\"elementor-element elementor-element-3700e60e elementor-widget elementor-widget-template\" data-id=\"3700e60e\" data-element_type=\"widget\" data-e-type=\"widget\" data-widget_type=\"template.default\">\n\t\t\t\t<div class=\"elementor-widget-container\">\n\t\t\t\t\t\t\t<div class=\"elementor-template\">\n\t\t\t\t\t<div data-elementor-type=\"container\" data-elementor-id=\"3630\" class=\"elementor elementor-3630 elementor-2525 elementor-2525\" data-elementor-post-type=\"elementor_library\">\n\t\t\t\t<div class=\"elementor-element elementor-element-26e2835c e-flex e-con-boxed e-con e-parent\" data-id=\"26e2835c\" data-element_type=\"container\" data-e-type=\"container\" data-settings=\"{&quot;background_background&quot;:&quot;classic&quot;}\">\n\t\t\t\t\t<div class=\"e-con-inner\">\n\t\t<div class=\"elementor-element elementor-element-574c57f3 e-con-full e-flex e-con e-child\" data-id=\"574c57f3\" data-element_type=\"container\" data-e-type=\"container\">\n\t\t\t\t<div class=\"elementor-element elementor-element-8814750 elementor-widget elementor-widget-heading\" data-id=\"8814750\" data-element_type=\"widget\" data-e-type=\"widget\" data-widget_type=\"heading.default\">\n\t\t\t\t<div class=\"elementor-widget-container\">\n\t\t\t\t\t<h2 class=\"elementor-heading-title elementor-size-default\">We're ready to collaborate!<\/h2>\t\t\t\t<\/div>\n\t\t\t\t<\/div>\n\t\t\t\t<div class=\"elementor-element elementor-element-727debc elementor-widget elementor-widget-text-editor\" data-id=\"727debc\" data-element_type=\"widget\" data-e-type=\"widget\" data-widget_type=\"text-editor.default\">\n\t\t\t\t<div class=\"elementor-widget-container\">\n\t\t\t\t\t\t\t\t\t<p>You can contact us to learn more about our products and solutions and to get acquainted.<\/p>\n\t\t\t\t\t\t\t\t<\/div>\n\t\t\t\t<\/div>\n\t\t\t\t<\/div>\n\t\t<div class=\"elementor-element elementor-element-734eeb0e e-con-full e-flex e-con e-child\" data-id=\"734eeb0e\" data-element_type=\"container\" data-e-type=\"container\">\n\t\t\t\t<div class=\"elementor-element elementor-element-e7e064e elementor-align-center elementor-widget elementor-widget-button\" data-id=\"e7e064e\" data-element_type=\"widget\" data-e-type=\"widget\" data-widget_type=\"button.default\">\n\t\t\t\t<div class=\"elementor-widget-container\">\n\t\t\t\t\t\t\t\t\t<div class=\"elementor-button-wrapper\">\n\t\t\t\t\t<a class=\"elementor-button elementor-button-link elementor-size-sm\" href=\"https:\/\/edhmed.com\/en\/contact-us\/\">\n\t\t\t\t\t\t<span class=\"elementor-button-content-wrapper\">\n\t\t\t\t\t\t\t\t\t<span class=\"elementor-button-text\">Reach Us<\/span>\n\t\t\t\t\t<\/span>\n\t\t\t\t\t<\/a>\n\t\t\t\t<\/div>\n\t\t\t\t\t\t\t\t<\/div>\n\t\t\t\t<\/div>\n\t\t\t\t<\/div>\n\t\t\t\t\t<\/div>\n\t\t\t\t<\/div>\n\t\t\t\t<\/div>\n\t\t\t\t<\/div>\n\t\t\t\t\t\t<\/div>\n\t\t\t\t<\/div>\n\t\t\t\t<\/div>\n\t\t\t\t<\/div>\n\t\t","protected":false},"excerpt":{"rendered":"<p>Customized Magistral Radiopharmaceutical Production Design and installation of radiopharmacy laboratory Equipment supply for theranostic production (hot cell, synthesis and quality control equipment) Production consumables supply (Ge-68\/Ga-68 Generator, Lu-177, Ac-225, Tb-161, peptites, cassettes, reagents, etc.) Compounding and quality control applications Patient dose delivery References: Memorial \u015ei\u015fli Hospital \u2013 \u0130stanbul Medicana Beylikd\u00fcz\u00fc Hospital \u2013 \u0130stanbul<\/p>\n","protected":false},"author":1,"featured_media":0,"parent":0,"menu_order":0,"comment_status":"closed","ping_status":"closed","template":"","meta":{"footnotes":""},"class_list":["post-3573","page","type-page","status-publish","hentry"],"yoast_head":"<!-- This site is optimized with the Yoast SEO plugin v27.5 - https:\/\/yoast.com\/product\/yoast-seo-wordpress\/ -->\n<title>Theranostics Compounding Services - EDH Nuclear Medicine &amp; Healthcare Services<\/title>\n<meta name=\"robots\" content=\"index, follow, max-snippet:-1, max-image-preview:large, max-video-preview:-1\" \/>\n<link rel=\"canonical\" href=\"https:\/\/www.edhmed.com\/en\/theranostics-compounding-services\/\" \/>\n<meta property=\"og:locale\" content=\"en_US\" \/>\n<meta property=\"og:type\" content=\"article\" \/>\n<meta property=\"og:title\" content=\"Theranostics Compounding Services - EDH Nuclear Medicine &amp; Healthcare Services\" \/>\n<meta property=\"og:description\" content=\"Customized Magistral Radiopharmaceutical Production Design and installation of radiopharmacy laboratory Equipment supply for theranostic production (hot cell, synthesis and quality control equipment) Production consumables supply (Ge-68\/Ga-68 Generator, Lu-177, Ac-225, Tb-161, peptites, cassettes, reagents, etc.) Compounding and quality control applications Patient dose delivery References: Memorial \u015ei\u015fli Hospital \u2013 \u0130stanbul Medicana Beylikd\u00fcz\u00fc Hospital \u2013 \u0130stanbul\" \/>\n<meta property=\"og:url\" content=\"https:\/\/www.edhmed.com\/en\/theranostics-compounding-services\/\" \/>\n<meta property=\"og:site_name\" content=\"EDH Nuclear Medicine &amp; Healthcare Services\" \/>\n<meta property=\"article:modified_time\" content=\"2024-07-12T20:34:22+00:00\" \/>\n<meta property=\"og:image\" content=\"https:\/\/edhmed.com\/wp-content\/uploads\/2024\/02\/yerinde-hasta-dozu-hizmeti-onsite-patient-dose-service-edh-nuclear.jpg\" \/>\n<meta name=\"twitter:card\" content=\"summary_large_image\" \/>\n<script type=\"application\/ld+json\" class=\"yoast-schema-graph\">{\"@context\":\"https:\\\/\\\/schema.org\",\"@graph\":[{\"@type\":\"WebPage\",\"@id\":\"https:\\\/\\\/www.edhmed.com\\\/en\\\/theranostics-compounding-services\\\/\",\"url\":\"https:\\\/\\\/www.edhmed.com\\\/en\\\/theranostics-compounding-services\\\/\",\"name\":\"Theranostics Compounding Services - EDH Nuclear Medicine & Healthcare Services\",\"isPartOf\":{\"@id\":\"https:\\\/\\\/www.edhmed.com\\\/en\\\/#website\"},\"primaryImageOfPage\":{\"@id\":\"https:\\\/\\\/www.edhmed.com\\\/en\\\/theranostics-compounding-services\\\/#primaryimage\"},\"image\":{\"@id\":\"https:\\\/\\\/www.edhmed.com\\\/en\\\/theranostics-compounding-services\\\/#primaryimage\"},\"thumbnailUrl\":\"https:\\\/\\\/edhmed.com\\\/wp-content\\\/uploads\\\/2024\\\/02\\\/yerinde-hasta-dozu-hizmeti-onsite-patient-dose-service-edh-nuclear.jpg\",\"datePublished\":\"2024-05-29T13:21:21+00:00\",\"dateModified\":\"2024-07-12T20:34:22+00:00\",\"breadcrumb\":{\"@id\":\"https:\\\/\\\/www.edhmed.com\\\/en\\\/theranostics-compounding-services\\\/#breadcrumb\"},\"inLanguage\":\"en-US\",\"potentialAction\":[{\"@type\":\"ReadAction\",\"target\":[\"https:\\\/\\\/www.edhmed.com\\\/en\\\/theranostics-compounding-services\\\/\"]}]},{\"@type\":\"ImageObject\",\"inLanguage\":\"en-US\",\"@id\":\"https:\\\/\\\/www.edhmed.com\\\/en\\\/theranostics-compounding-services\\\/#primaryimage\",\"url\":\"https:\\\/\\\/edhmed.com\\\/wp-content\\\/uploads\\\/2024\\\/02\\\/yerinde-hasta-dozu-hizmeti-onsite-patient-dose-service-edh-nuclear.jpg\",\"contentUrl\":\"https:\\\/\\\/edhmed.com\\\/wp-content\\\/uploads\\\/2024\\\/02\\\/yerinde-hasta-dozu-hizmeti-onsite-patient-dose-service-edh-nuclear.jpg\"},{\"@type\":\"BreadcrumbList\",\"@id\":\"https:\\\/\\\/www.edhmed.com\\\/en\\\/theranostics-compounding-services\\\/#breadcrumb\",\"itemListElement\":[{\"@type\":\"ListItem\",\"position\":1,\"name\":\"Ana sayfa\",\"item\":\"https:\\\/\\\/www.edhmed.com\\\/en\\\/\"},{\"@type\":\"ListItem\",\"position\":2,\"name\":\"Theranostics Compounding Services\"}]},{\"@type\":\"WebSite\",\"@id\":\"https:\\\/\\\/www.edhmed.com\\\/en\\\/#website\",\"url\":\"https:\\\/\\\/www.edhmed.com\\\/en\\\/\",\"name\":\"EDH Nuclear Medicine & Healthcare Services\",\"description\":\"\",\"publisher\":{\"@id\":\"https:\\\/\\\/www.edhmed.com\\\/en\\\/#organization\"},\"potentialAction\":[{\"@type\":\"SearchAction\",\"target\":{\"@type\":\"EntryPoint\",\"urlTemplate\":\"https:\\\/\\\/www.edhmed.com\\\/en\\\/?s={search_term_string}\"},\"query-input\":{\"@type\":\"PropertyValueSpecification\",\"valueRequired\":true,\"valueName\":\"search_term_string\"}}],\"inLanguage\":\"en-US\"},{\"@type\":\"Organization\",\"@id\":\"https:\\\/\\\/www.edhmed.com\\\/en\\\/#organization\",\"name\":\"EDH Nuclear Medicine & Healthcare Services\u00a0\",\"url\":\"https:\\\/\\\/www.edhmed.com\\\/en\\\/\",\"logo\":{\"@type\":\"ImageObject\",\"inLanguage\":\"en-US\",\"@id\":\"https:\\\/\\\/www.edhmed.com\\\/en\\\/#\\\/schema\\\/logo\\\/image\\\/\",\"url\":\"https:\\\/\\\/edhmed.com\\\/wp-content\\\/uploads\\\/2017\\\/09\\\/edh-med-site-logo-3.png\",\"contentUrl\":\"https:\\\/\\\/edhmed.com\\\/wp-content\\\/uploads\\\/2017\\\/09\\\/edh-med-site-logo-3.png\",\"width\":534,\"height\":156,\"caption\":\"EDH Nuclear Medicine & Healthcare Services\u00a0\"},\"image\":{\"@id\":\"https:\\\/\\\/www.edhmed.com\\\/en\\\/#\\\/schema\\\/logo\\\/image\\\/\"},\"sameAs\":[\"https:\\\/\\\/www.linkedin.com\\\/company\\\/edhmed\"]}]}<\/script>\n<!-- \/ Yoast SEO plugin. -->","yoast_head_json":{"title":"Theranostics Compounding Services - EDH Nuclear Medicine & Healthcare Services","robots":{"index":"index","follow":"follow","max-snippet":"max-snippet:-1","max-image-preview":"max-image-preview:large","max-video-preview":"max-video-preview:-1"},"canonical":"https:\/\/www.edhmed.com\/en\/theranostics-compounding-services\/","og_locale":"en_US","og_type":"article","og_title":"Theranostics Compounding Services - EDH Nuclear Medicine & Healthcare Services","og_description":"Customized Magistral Radiopharmaceutical Production Design and installation of radiopharmacy laboratory Equipment supply for theranostic production (hot cell, synthesis and quality control equipment) Production consumables supply (Ge-68\/Ga-68 Generator, Lu-177, Ac-225, Tb-161, peptites, cassettes, reagents, etc.) Compounding and quality control applications Patient dose delivery References: Memorial \u015ei\u015fli Hospital \u2013 \u0130stanbul Medicana Beylikd\u00fcz\u00fc Hospital \u2013 \u0130stanbul","og_url":"https:\/\/www.edhmed.com\/en\/theranostics-compounding-services\/","og_site_name":"EDH Nuclear Medicine & Healthcare Services","article_modified_time":"2024-07-12T20:34:22+00:00","og_image":[{"url":"https:\/\/edhmed.com\/wp-content\/uploads\/2024\/02\/yerinde-hasta-dozu-hizmeti-onsite-patient-dose-service-edh-nuclear.jpg","type":"","width":"","height":""}],"twitter_card":"summary_large_image","schema":{"@context":"https:\/\/schema.org","@graph":[{"@type":"WebPage","@id":"https:\/\/www.edhmed.com\/en\/theranostics-compounding-services\/","url":"https:\/\/www.edhmed.com\/en\/theranostics-compounding-services\/","name":"Theranostics Compounding Services - EDH Nuclear Medicine & Healthcare Services","isPartOf":{"@id":"https:\/\/www.edhmed.com\/en\/#website"},"primaryImageOfPage":{"@id":"https:\/\/www.edhmed.com\/en\/theranostics-compounding-services\/#primaryimage"},"image":{"@id":"https:\/\/www.edhmed.com\/en\/theranostics-compounding-services\/#primaryimage"},"thumbnailUrl":"https:\/\/edhmed.com\/wp-content\/uploads\/2024\/02\/yerinde-hasta-dozu-hizmeti-onsite-patient-dose-service-edh-nuclear.jpg","datePublished":"2024-05-29T13:21:21+00:00","dateModified":"2024-07-12T20:34:22+00:00","breadcrumb":{"@id":"https:\/\/www.edhmed.com\/en\/theranostics-compounding-services\/#breadcrumb"},"inLanguage":"en-US","potentialAction":[{"@type":"ReadAction","target":["https:\/\/www.edhmed.com\/en\/theranostics-compounding-services\/"]}]},{"@type":"ImageObject","inLanguage":"en-US","@id":"https:\/\/www.edhmed.com\/en\/theranostics-compounding-services\/#primaryimage","url":"https:\/\/edhmed.com\/wp-content\/uploads\/2024\/02\/yerinde-hasta-dozu-hizmeti-onsite-patient-dose-service-edh-nuclear.jpg","contentUrl":"https:\/\/edhmed.com\/wp-content\/uploads\/2024\/02\/yerinde-hasta-dozu-hizmeti-onsite-patient-dose-service-edh-nuclear.jpg"},{"@type":"BreadcrumbList","@id":"https:\/\/www.edhmed.com\/en\/theranostics-compounding-services\/#breadcrumb","itemListElement":[{"@type":"ListItem","position":1,"name":"Ana sayfa","item":"https:\/\/www.edhmed.com\/en\/"},{"@type":"ListItem","position":2,"name":"Theranostics Compounding Services"}]},{"@type":"WebSite","@id":"https:\/\/www.edhmed.com\/en\/#website","url":"https:\/\/www.edhmed.com\/en\/","name":"EDH Nuclear Medicine & Healthcare Services","description":"","publisher":{"@id":"https:\/\/www.edhmed.com\/en\/#organization"},"potentialAction":[{"@type":"SearchAction","target":{"@type":"EntryPoint","urlTemplate":"https:\/\/www.edhmed.com\/en\/?s={search_term_string}"},"query-input":{"@type":"PropertyValueSpecification","valueRequired":true,"valueName":"search_term_string"}}],"inLanguage":"en-US"},{"@type":"Organization","@id":"https:\/\/www.edhmed.com\/en\/#organization","name":"EDH Nuclear Medicine & Healthcare Services\u00a0","url":"https:\/\/www.edhmed.com\/en\/","logo":{"@type":"ImageObject","inLanguage":"en-US","@id":"https:\/\/www.edhmed.com\/en\/#\/schema\/logo\/image\/","url":"https:\/\/edhmed.com\/wp-content\/uploads\/2017\/09\/edh-med-site-logo-3.png","contentUrl":"https:\/\/edhmed.com\/wp-content\/uploads\/2017\/09\/edh-med-site-logo-3.png","width":534,"height":156,"caption":"EDH Nuclear Medicine & Healthcare Services\u00a0"},"image":{"@id":"https:\/\/www.edhmed.com\/en\/#\/schema\/logo\/image\/"},"sameAs":["https:\/\/www.linkedin.com\/company\/edhmed"]}]}},"_links":{"self":[{"href":"https:\/\/www.edhmed.com\/en\/wp-json\/wp\/v2\/pages\/3573","targetHints":{"allow":["GET"]}}],"collection":[{"href":"https:\/\/www.edhmed.com\/en\/wp-json\/wp\/v2\/pages"}],"about":[{"href":"https:\/\/www.edhmed.com\/en\/wp-json\/wp\/v2\/types\/page"}],"author":[{"embeddable":true,"href":"https:\/\/www.edhmed.com\/en\/wp-json\/wp\/v2\/users\/1"}],"replies":[{"embeddable":true,"href":"https:\/\/www.edhmed.com\/en\/wp-json\/wp\/v2\/comments?post=3573"}],"version-history":[{"count":3,"href":"https:\/\/www.edhmed.com\/en\/wp-json\/wp\/v2\/pages\/3573\/revisions"}],"predecessor-version":[{"id":4350,"href":"https:\/\/www.edhmed.com\/en\/wp-json\/wp\/v2\/pages\/3573\/revisions\/4350"}],"wp:attachment":[{"href":"https:\/\/www.edhmed.com\/en\/wp-json\/wp\/v2\/media?parent=3573"}],"curies":[{"name":"wp","href":"https:\/\/api.w.org\/{rel}","templated":true}]}}